{"id":17,"date":"2016-09-27T21:57:34","date_gmt":"2016-09-27T21:57:34","guid":{"rendered":"http:\/\/agile-bootcamp.ch\/wp\/?page_id=17"},"modified":"2016-09-27T21:57:34","modified_gmt":"2016-09-27T21:57:34","slug":"uber-uns","status":"publish","type":"page","link":"https:\/\/agilebootcamp.ch\/?page_id=17","title":{"rendered":"\u00dcber Uns"},"content":{"rendered":"<h3>Markus-Alexander Metz<\/h3>\n<div style=\"width: 40%; padding: 5px; float: left;\">\n<p><img loading=\"lazy\" decoding=\"async\" class=\"alignnone wp-image-38\" src=\"https:\/\/agilebootcamp.ch\/wp-content\/uploads\/2016\/09\/mam.150px.jpg\" alt=\"mam\" width=\"150\" height=\"152\" \/><\/p>\n<p><i class=\"fa fa-phone\"><\/i>\u00a0 +41 76 388 40 45<br \/>\n<i class=\"fa fa-envelope\"><\/i>\u00a0 <span class=\"pep-email\">markus(Replace this parenthesis with the @ sign)agilebootcamp.ch<\/span><\/p>\n<\/div>\n<div style=\"width: 60%; padding: 5px; float: right;\">Seit mehreren Jahren bin ich in einem agilen Umfeld t\u00e4tig und durfte in diesem Rahmen die verschiedensten agilen Rollen ausf\u00fcllen. Vom Team-Mitglied, \u00fcber den Scrum-Master bis hin zum Product-Owner. Als <strong>&#8222;Scrum-Master der ersten Stunde&#8220;<\/strong> war ich massgeblich am <strong>Paradigmen-Wechsel<\/strong> von klassischen gepr\u00e4gten Organisationsformen, hin zu agilen Strukturen beteiligt und durfte die damit verbundenen \u00c4ngste und Chancen aus eigener Erfahrung hautnah miterleben. Fasziniert von dem zugrunde liegenden Mindset, dem Potential, dass in agile aufgestellten Teams\/Unternehensteilen entwickelt werden kann, versuche ich diese <strong>Begeisterung auf meine Mitmenschen zu \u00fcbertragen<\/strong> \u2013 sei es in der Arbeitswelt oder in meinem privaten Umfeld. Aus dieser Motivation heraus entstand unter anderem das agile Bootcamp, mit dem wir versuchen, Teilnehmer f\u00fcr <strong>agile Vorgehensweisen<\/strong> zu begeistern. Erg\u00e4nzend zu diesem Basis-Workshop haben wir weitere Ausbildungssequenzen entwickelt zu Themen wie <strong>Teambildung, Visualisierung, Kommunikation<\/strong> und <strong>Design Thinking<\/strong> und unterst\u00fctzen Dritte auch bei der Konzeption und Umsetzung neuer Workshops.<\/div>\n<div style=\"clear: both;\"><\/div>\n<h3>Stefan Teichtweier<\/h3>\n<div style=\"width: 40%; padding: 5px; float: left;\">\n<p><img loading=\"lazy\" decoding=\"async\" class=\"wp-image-342 alignnone\" src=\"https:\/\/agilebootcamp.ch\/wp-content\/uploads\/2018\/12\/Foto_quadratisch-300x300.jpg\" alt=\"\" width=\"152\" height=\"152\" srcset=\"https:\/\/agilebootcamp.ch\/wp-content\/uploads\/2018\/12\/Foto_quadratisch-300x300.jpg 300w, https:\/\/agilebootcamp.ch\/wp-content\/uploads\/2018\/12\/Foto_quadratisch-150x150.jpg 150w, https:\/\/agilebootcamp.ch\/wp-content\/uploads\/2018\/12\/Foto_quadratisch.jpg 709w\" sizes=\"auto, (max-width: 152px) 100vw, 152px\" \/><\/p>\n<p><i class=\"fa fa-phone\"><\/i>\u00a0 +49 176 420 964 38<br \/>\n<i class=\"fa fa-envelope\"><\/i>\u00a0 <span class=\"pep-email\">stefan(Replace this parenthesis with the @ sign)agilebootcamp.ch<\/span><\/p>\n<\/div>\n<div style=\"width: 60%; padding: 5px; float: right;\">2005 habe ich als\u00a0 agiler Softwareentwickler meine berufliche Reise gestartet und seitdem eine unglaubliche Vielfalt an Erfahrungen sammeln d\u00fcrfen. Seit 2018 bin ich selbst\u00e4ndig als <strong>Agile Coach<\/strong>, <strong>Trainer und Mediator\u00a0<\/strong>unterwegs und unterst\u00fctze Teams und Organisationen darin ihr volles Potential zu entfalten.<\/div>\n<div style=\"width: 60%; padding: 5px; float: right;\">Mit meinem technischen Background und Liebe f\u00fcr das Menschliche bewege ich mich gerne im Spannungsfeld zwischen klassischen Projektmanagementmethoden und agilem Vorgehen, zwischen optimistischem Vertrauen und kritischem Hinterfragen, zwischen kreativen Visionen und pragmatischen L\u00f6sungen.<br \/>\nPers\u00f6nlich wie beruflich lerne ich f\u00fcr mein Leben gerne und Weiterentwicklung ist eine meiner zentralen Triebfedern. Mir wird ein schier unb\u00e4ndiges Interesse an zwischenmenschlichen Themen wie Psychologie und Kognitionswissenschaften und technischen Themen wie Informatik und Komplexit\u00e4tstheorie attestiert. Meine<strong> humanistische Grundhaltung<\/strong> hat mich dazu immer wieder erleben lassen, welche kreative Kraft und Ausstrahlung <strong>respektvoller Umgang und Selbstorganisation<\/strong> bei Personen und Gruppen hervorrufen.<br \/>\nMein Herzblut liegt darin, auch mein Umfeld kontinuierlich weiterzubringen und gute Rahmenbedingungen f\u00fcr Wachstum und Entwicklung zu erm\u00f6glichen. Oder mit den Worten von Baden Powell \u2013 Gr\u00fcnder der Pfadfinderbewegung: \u201e<strong>Versucht, die Welt ein bisschen besser zur\u00fcckzulassen, als ihr sie vorgefunden habt.<\/strong>\u201c<\/div>\n<div style=\"width: 60%; padding: 5px; float: right;\">Wir leben, wovon wir reden: Urspr\u00fcnglich wurden Markus und ich gebeten, Berufseinsteigern die Grundprinzipien der Agilit\u00e4t nahe zu bringen. Schnell wuchs aus den hierbei gewonnenen R\u00fcckmeldungen von Teilnehmern und Kollegen das Agile Bootcamp &#8211; dem ersten von vielen Bausteinen mit dem wir unsere <strong>Begeisterung f\u00fcr Agilit\u00e4t und Selbstorganisation<\/strong>\u00a0seit 2014 erlebbar machen und weitergeben.<\/div>\n<div style=\"clear: both;\"><\/div>\n","protected":false},"excerpt":{"rendered":"<p>Markus-Alexander Metz \u00a0 +41 76 388 40 45 \u00a0 markus(Replace this parenthesis with the @ sign)agilebootcamp.ch Seit mehreren Jahren bin ich in einem agilen Umfeld t\u00e4tig und durfte in diesem Rahmen die verschiedensten agilen Rollen ausf\u00fcllen. Vom Team-Mitglied, \u00fcber den Scrum-Master bis hin zum Product-Owner. Als &#8222;Scrum-Master der ersten Stunde&#8220; war ich massgeblich am Paradigmen-Wechsel &hellip; <a href=\"https:\/\/agilebootcamp.ch\/?page_id=17\" class=\"more-link\"><span class=\"screen-reader-text\">\u00dcber Uns<\/span> weiterlesen <span class=\"meta-nav\">&rarr;<\/span><\/a><\/p>\n","protected":false},"author":1,"featured_media":0,"parent":0,"menu_order":0,"comment_status":"closed","ping_status":"closed","template":"","meta":{"footnotes":""},"class_list":["post-17","page","type-page","status-publish","hentry"],"_links":{"self":[{"href":"https:\/\/agilebootcamp.ch\/index.php?rest_route=\/wp\/v2\/pages\/17","targetHints":{"allow":["GET"]}}],"collection":[{"href":"https:\/\/agilebootcamp.ch\/index.php?rest_route=\/wp\/v2\/pages"}],"about":[{"href":"https:\/\/agilebootcamp.ch\/index.php?rest_route=\/wp\/v2\/types\/page"}],"author":[{"embeddable":true,"href":"https:\/\/agilebootcamp.ch\/index.php?rest_route=\/wp\/v2\/users\/1"}],"replies":[{"embeddable":true,"href":"https:\/\/agilebootcamp.ch\/index.php?rest_route=%2Fwp%2Fv2%2Fcomments&post=17"}],"version-history":[{"count":0,"href":"https:\/\/agilebootcamp.ch\/index.php?rest_route=\/wp\/v2\/pages\/17\/revisions"}],"wp:attachment":[{"href":"https:\/\/agilebootcamp.ch\/index.php?rest_route=%2Fwp%2Fv2%2Fmedia&parent=17"}],"curies":[{"name":"wp","href":"https:\/\/api.w.org\/{rel}","templated":true}]}}